{"id":8,"date":"2014-04-23T11:15:14","date_gmt":"2014-04-23T07:15:14","guid":{"rendered":"http:\/\/suziko.com\/gpic\/?page_id=8"},"modified":"2024-10-05T13:46:22","modified_gmt":"2024-10-05T09:46:22","slug":"about-me","status":"publish","type":"page","link":"https:\/\/arthurobedia.com\/?page_id=8","title":{"rendered":"About me"},"content":{"rendered":"<p style=\"text-align: left;\"><b><span style=\"color: #3e454c;\">P<\/span><span style=\"color: #3e454c;\">assionn\u00e9\u00a0de photographie.<\/span><\/b><\/p>\n<p>Photographe depuis 2010, j&#8217;ai <span style=\"color: #3e454c;\">fais mes d\u00e9buts<\/span> par hasard <span style=\"color: #545454;\">\u00e0 un concert d&#8217;Archie Shepp. <\/span><\/p>\n<p><span style=\"color: #545454;\">J&#8217;ai commenc\u00e9 par de la photo de concert, puis je me suis mis au reportage, en m&#8217;int\u00e9ressant particuli\u00e8rement \u00e0 l&#8217;Arm\u00e9nie dont je suis originaire.<\/span><\/p>\n<p>Je travaille en num\u00e9rique et argentique.<\/p>\n<p style=\"text-align: center;\"><img decoding=\"async\" loading=\"lazy\" class=\"wp-image-382 aligncenter colorbox-8\" src=\"http:\/\/arthurobedia.com\/wp-content\/uploads\/2014\/04\/578524_10202125946089761_731568209_n.jpg\" alt=\"578524_10202125946089761_731568209_n\" width=\"313\" height=\"313\" srcset=\"https:\/\/arthurobedia.com\/wp-content\/uploads\/2014\/04\/578524_10202125946089761_731568209_n.jpg 960w, https:\/\/arthurobedia.com\/wp-content\/uploads\/2014\/04\/578524_10202125946089761_731568209_n-150x150.jpg 150w, https:\/\/arthurobedia.com\/wp-content\/uploads\/2014\/04\/578524_10202125946089761_731568209_n-300x300.jpg 300w, https:\/\/arthurobedia.com\/wp-content\/uploads\/2014\/04\/578524_10202125946089761_731568209_n-350x350.jpg 350w\" sizes=\"(max-width: 313px) 100vw, 313px\" \/><\/p>\n<blockquote><p><em><strong>Liens Instagram :<\/strong><br \/>\n<span style=\"color: #000000;\"><a style=\"color: #000000;\" href=\"https:\/\/www.instagram.com\/arthob05\/\" target=\"_blank\" rel=\"noopener\">&#8211; Photos num\u00e9riques<\/a><br \/>\n&#8211;\u00a0<a style=\"color: #000000;\" href=\"https:\/\/www.instagram.com\/arthobfilm\/\" target=\"_blank\" rel=\"noopener\">Photos argentiques<\/a><\/span><\/em><\/p>\n<ul>\n<li><strong><a href=\"https:\/\/www.saal-digital.fr\/WebshopClient\/?mode=b-live#\/CollectionShare\/9a6d86817baad8d873dc24fd01e1ba32_00935462-0c1a-459b-869f-c0597e438529\/fr-FR\/tcfdBBWpCSSCox7cEMfn14tIn7slcfYZAhFfBsdVkzegOrc2phjMOlXDqPpzZp44\/\" target=\"_blank\" rel=\"noopener\">Vente en ligne<\/a><\/strong><\/li>\n<\/ul>\n<\/blockquote>\n","protected":false},"excerpt":{"rendered":"<p class=\"excerpt\">Passionn\u00e9\u00a0de photographie. Photographe depuis 2010, j&#8217;ai fais mes d\u00e9buts par hasard \u00e0 un concert d&#8217;Archie Shepp. J&#8217;ai commenc\u00e9 par de la photo de concert, puis je me suis mis au&hellip; <span class=\"more-link\">more<\/span><\/p>\n","protected":false},"author":1,"featured_media":0,"parent":0,"menu_order":0,"comment_status":"closed","ping_status":"closed","template":"","meta":[],"_links":{"self":[{"href":"https:\/\/arthurobedia.com\/index.php?rest_route=\/wp\/v2\/pages\/8"}],"collection":[{"href":"https:\/\/arthurobedia.com\/index.php?rest_route=\/wp\/v2\/pages"}],"about":[{"href":"https:\/\/arthurobedia.com\/index.php?rest_route=\/wp\/v2\/types\/page"}],"author":[{"embeddable":true,"href":"https:\/\/arthurobedia.com\/index.php?rest_route=\/wp\/v2\/users\/1"}],"replies":[{"embeddable":true,"href":"https:\/\/arthurobedia.com\/index.php?rest_route=%2Fwp%2Fv2%2Fcomments&post=8"}],"version-history":[{"count":20,"href":"https:\/\/arthurobedia.com\/index.php?rest_route=\/wp\/v2\/pages\/8\/revisions"}],"predecessor-version":[{"id":2102,"href":"https:\/\/arthurobedia.com\/index.php?rest_route=\/wp\/v2\/pages\/8\/revisions\/2102"}],"wp:attachment":[{"href":"https:\/\/arthurobedia.com\/index.php?rest_route=%2Fwp%2Fv2%2Fmedia&parent=8"}],"curies":[{"name":"wp","href":"https:\/\/api.w.org\/{rel}","templated":true}]}}